{"id":43,"date":"2015-06-26T18:17:18","date_gmt":"2015-06-26T16:17:18","guid":{"rendered":"http:\/\/wp.telefonseelsorge-ulm.de\/index.php\/freundeskreis\/"},"modified":"2021-08-16T19:32:01","modified_gmt":"2021-08-16T17:32:01","slug":"freundeskreis","status":"publish","type":"page","link":"https:\/\/telefonseelsorge-ulm.de\/index.php\/freundeskreis\/","title":{"rendered":"Freundeskreis"},"content":{"rendered":"<p style=\"margin: 0px 0px 10px; font-size: 11px; line-height: normal; font-family: Calibri;\"><span style=\"font-size: 14px;\"><span style=\"font-family: trebuchet ms,helvetica,sans-serif;\"><img fetchpriority=\"high\" decoding=\"async\" class=\"alignleft  wp-image-351\" src=\"https:\/\/telefonseelsorge-ulm.de\/wp-content\/uploads\/2021\/08\/shutterstock_732469777_erdmaennchen-Kopie-300x190.png\" alt=\"\" width=\"313\" height=\"198\" srcset=\"https:\/\/telefonseelsorge-ulm.de\/wp-content\/uploads\/2021\/08\/shutterstock_732469777_erdmaennchen-Kopie-300x190.png 300w, https:\/\/telefonseelsorge-ulm.de\/wp-content\/uploads\/2021\/08\/shutterstock_732469777_erdmaennchen-Kopie-1024x647.png 1024w, https:\/\/telefonseelsorge-ulm.de\/wp-content\/uploads\/2021\/08\/shutterstock_732469777_erdmaennchen-Kopie-768x485.png 768w, https:\/\/telefonseelsorge-ulm.de\/wp-content\/uploads\/2021\/08\/shutterstock_732469777_erdmaennchen-Kopie-1536x971.png 1536w, https:\/\/telefonseelsorge-ulm.de\/wp-content\/uploads\/2021\/08\/shutterstock_732469777_erdmaennchen-Kopie-2048x1294.png 2048w\" sizes=\"(max-width: 313px) 100vw, 313px\" \/><\/span><\/span><\/p>\n<p style=\"margin: 0px 0px 10px; font-size: 11px; line-height: normal; font-family: Calibri;\"><span style=\"font-size: 14px;\"><span style=\"font-family: trebuchet ms,helvetica,sans-serif;\">Die TelefonSeelsorge arbeitet rund um die Uhr, vertraulich, verschwiegen und anonym.<\/span><\/span><\/p>\n<p style=\"margin: 0px 0px 10px; font-size: 11px; line-height: normal; font-family: Calibri;\"><span style=\"font-size: 14px;\"><span style=\"font-family: trebuchet ms,helvetica,sans-serif;\">Der Freundeskreis kann aus dieser Anonymit\u00e4t heraustreten und stellt eine \u00d6ffentlichkeit f\u00fcr die TelefonSeelsorge her.<\/span><\/span><\/p>\n<p style=\"margin: 0px 0px 10px; font-size: 11px; line-height: normal; font-family: Calibri;\"><span style=\"font-size: 14px;\"><span style=\"font-family: trebuchet ms,helvetica,sans-serif;\">Der Freundeskreis unterst\u00fctzt die TelefonSeelsorge mit \u00f6ffentlichen Veranstaltungen, Fort-und Weiterbildungen und f\u00f6rdert spezielle Projekte. <\/span><\/span><\/p>\n<p style=\"margin: 0px 0px 10px; font-size: 11px; line-height: normal; font-family: Calibri;\"><span style=\"font-size: 14px;\"><span style=\"font-family: trebuchet ms,helvetica,sans-serif;\">Er macht die Arbeit der TelefonSeelsorge in der \u00d6ffentlichkeit bekannt und wirbt um F\u00f6rdermittel.<\/span><\/span><\/p>\n<p style=\"margin: 0px 0px 10px; font-size: 11px; line-height: normal; font-family: Calibri; min-height: 13px;\">\u00a0<\/p>\n<p>\u00a0<\/p>\n<p>\u00a0<\/p>\n<p style=\"margin: 0px 0px 10px; font-size: 14px; line-height: normal; font-family: Calibri;\"><strong><span style=\"font-size: 14px;\"><span style=\"font-family: trebuchet ms,helvetica,sans-serif;\">Unterst\u00fctzung<\/span><\/span><\/strong><\/p>\n<p style=\"margin: 0px 0px 10px; font-size: 11px; line-height: normal; font-family: Calibri;\"><span style=\"font-size: 14px;\"><span style=\"font-family: trebuchet ms,helvetica,sans-serif;\">Wenn Sie im Freundeskreis der TelefonSeelsorge aktiv mitarbeiten m\u00f6chten, dann nehmen Sie bitte Kontakt mit uns auf. Wir freuen uns auf Sie!<\/span><\/span><\/p>\n<p style=\"margin: 0px 0px 10px; font-size: 11px; line-height: normal; font-family: Calibri;\"><span style=\"font-size: 14px;\"><span style=\"font-family: trebuchet ms,helvetica,sans-serif;\">Auch f\u00fcr finanzielle Unterst\u00fctzung sind wir Ihnen dankbar.<\/span><\/span><\/p>\n<p style=\"margin: 0px 0px 10px; font-size: 11px; line-height: normal; font-family: Calibri; min-height: 13px;\">\u00a0<\/p>\n<p style=\"margin: 0px 0px 10px; font-size: 14px; line-height: normal; font-family: Calibri;\"><strong><span style=\"font-size: 14px;\"><span style=\"font-family: trebuchet ms,helvetica,sans-serif;\">Kontakt<\/span><\/span><\/strong><\/p>\n<p style=\"margin: 0px 0px 10px; font-size: 12px; line-height: normal; font-family: Calibri;\"><span style=\"font-size: 14px;\"><span style=\"font-family: trebuchet ms,helvetica,sans-serif;\"><em>Adresse:\u00a0<\/em>\u00a0 <\/span><\/span><\/p>\n<p style=\"margin: 0px 0px 10px; font-size: 12px; line-height: normal; font-family: Calibri;\"><span style=\"font-size: 14px;\"><span style=\"font-family: trebuchet ms,helvetica,sans-serif;\">TelefonSeelsorge Ulm\/Neu-Ulm<\/span><\/span><\/p>\n<p style=\"margin: 0px 0px 10px; font-size: 12px; line-height: normal; font-family: Calibri;\"><span style=\"font-size: 14px;\"><span style=\"font-family: trebuchet ms,helvetica,sans-serif;\">Postfach 4070<\/span><\/span><\/p>\n<p style=\"margin: 0px 0px 10px; font-size: 12px; line-height: normal; font-family: Calibri;\"><span style=\"font-size: 14px;\"><span style=\"font-family: trebuchet ms,helvetica,sans-serif;\">89030 Ulm<\/span><\/span><\/p>\n<p style=\"margin: 0px 0px 10px; font-size: 12px; line-height: normal; font-family: Calibri;\"><span style=\"font-size: 14px;\"><span style=\"font-family: trebuchet ms,helvetica,sans-serif;\">Tel:\u00a0\u00a0\u00a0\u00a0\u00a0\u00a0 0731 69883<\/span><\/span><\/p>\n<p style=\"margin: 0px 0px 10px; font-size: 12px; line-height: normal; font-family: Calibri;\"><span style=\"font-size: 14px;\"><span style=\"font-family: trebuchet ms,helvetica,sans-serif;\">Fax:\u00a0\u00a0\u00a0\u00a0\u00a0 0731 9608640<\/span><\/span><\/p>\n<p style=\"margin: 0px 0px 10px; font-size: 12px; line-height: normal; font-family: Calibri;\"><span style=\"font-size: 14px;\"><span style=\"font-family: trebuchet ms,helvetica,sans-serif;\">E-Mail:\u00a0 info@telefonseelsorge-ulm.de<\/span><\/span><\/p>\n<p style=\"margin: 0px 0px 10px; font-size: 12px; line-height: normal; font-family: Calibri; min-height: 14px;\">\u00a0<\/p>\n<p style=\"margin: 0px 0px 10px; font-size: 12px; line-height: normal; font-family: Calibri;\"><em><span style=\"font-size: 14px;\"><span style=\"font-family: trebuchet ms,helvetica,sans-serif;\">Bankverbindung des Freundeskreises:<\/span><\/span><\/em><\/p>\n<p style=\"margin: 0px 0px 10px; font-size: 12px; line-height: normal; font-family: Calibri;\"><span style=\"font-size: 14px;\"><span style=\"font-family: trebuchet ms,helvetica,sans-serif;\">IBAN:\u00a0\u00a0 DE49 6305 0000 0002 0048 53<\/span><\/span><\/p>\n<p style=\"margin: 0px 0px 10px; font-size: 12px; line-height: normal; font-family: Calibri;\"><span style=\"font-size: 14px;\"><span style=\"font-family: trebuchet ms,helvetica,sans-serif;\">BIC: \u00a0 \u00a0 SOLADES1ULM<\/span><\/span><\/p>\n\n\n<p><\/p>\n","protected":false},"excerpt":{"rendered":"<p>Die TelefonSeelsorge arbeitet rund um die Uhr, vertraulich, verschwiegen und anonym. Der Freundeskreis kann aus dieser Anonymit\u00e4t heraustreten und stellt eine \u00d6ffentlichkeit f\u00fcr die TelefonSeelsorge her. Der Freundeskreis unterst\u00fctzt die TelefonSeelsorge mit \u00f6ffentlichen Veranstaltungen, Fort-und Weiterbildungen und f\u00f6rdert spezielle Projekte. Er macht die Arbeit der TelefonSeelsorge in der \u00d6ffentlichkeit bekannt und wirbt um F\u00f6rdermittel. \u00a0 [&#8230;]<\/p>\n<p><a class=\"btn btn-secondary understrap-read-more-link\" href=\"https:\/\/telefonseelsorge-ulm.de\/index.php\/freundeskreis\/\">Weiterlesen\u00a0\u2026<span class=\"screen-reader-text\"> from Freundeskreis<\/span><\/a><\/p>\n","protected":false},"author":8,"featured_media":0,"parent":0,"menu_order":2,"comment_status":"closed","ping_status":"closed","template":"page-templates\/fullwidthpage.php","meta":{"give_campaign_id":0,"footnotes":""},"categories":[4],"tags":[],"class_list":["post-43","page","type-page","status-publish","hentry","category-wir-brauchen-sie"],"campaignId":"","_links":{"self":[{"href":"https:\/\/telefonseelsorge-ulm.de\/index.php\/wp-json\/wp\/v2\/pages\/43","targetHints":{"allow":["GET"]}}],"collection":[{"href":"https:\/\/telefonseelsorge-ulm.de\/index.php\/wp-json\/wp\/v2\/pages"}],"about":[{"href":"https:\/\/telefonseelsorge-ulm.de\/index.php\/wp-json\/wp\/v2\/types\/page"}],"author":[{"embeddable":true,"href":"https:\/\/telefonseelsorge-ulm.de\/index.php\/wp-json\/wp\/v2\/users\/8"}],"replies":[{"embeddable":true,"href":"https:\/\/telefonseelsorge-ulm.de\/index.php\/wp-json\/wp\/v2\/comments?post=43"}],"version-history":[{"count":15,"href":"https:\/\/telefonseelsorge-ulm.de\/index.php\/wp-json\/wp\/v2\/pages\/43\/revisions"}],"predecessor-version":[{"id":355,"href":"https:\/\/telefonseelsorge-ulm.de\/index.php\/wp-json\/wp\/v2\/pages\/43\/revisions\/355"}],"wp:attachment":[{"href":"https:\/\/telefonseelsorge-ulm.de\/index.php\/wp-json\/wp\/v2\/media?parent=43"}],"wp:term":[{"taxonomy":"category","embeddable":true,"href":"https:\/\/telefonseelsorge-ulm.de\/index.php\/wp-json\/wp\/v2\/categories?post=43"},{"taxonomy":"post_tag","embeddable":true,"href":"https:\/\/telefonseelsorge-ulm.de\/index.php\/wp-json\/wp\/v2\/tags?post=43"}],"curies":[{"name":"wp","href":"https:\/\/api.w.org\/{rel}","templated":true}]}}