{"id":30,"date":"2015-06-26T13:20:38","date_gmt":"2015-06-26T11:20:38","guid":{"rendered":"http:\/\/wp.telefonseelsorge-ulm.de\/index.php\/spenden\/"},"modified":"2021-08-17T08:41:27","modified_gmt":"2021-08-17T06:41:27","slug":"spenden","status":"publish","type":"page","link":"https:\/\/telefonseelsorge-ulm.de\/index.php\/spenden\/","title":{"rendered":"Spenden"},"content":{"rendered":"<p><img fetchpriority=\"high\" decoding=\"async\" class=\"alignleft  wp-image-347\" src=\"https:\/\/telefonseelsorge-ulm.de\/wp-content\/uploads\/2021\/08\/shutterstock_1275545308_ameisen-199x300.jpg\" alt=\"\" width=\"205\" height=\"309\" srcset=\"https:\/\/telefonseelsorge-ulm.de\/wp-content\/uploads\/2021\/08\/shutterstock_1275545308_ameisen-199x300.jpg 199w, https:\/\/telefonseelsorge-ulm.de\/wp-content\/uploads\/2021\/08\/shutterstock_1275545308_ameisen-678x1024.jpg 678w, https:\/\/telefonseelsorge-ulm.de\/wp-content\/uploads\/2021\/08\/shutterstock_1275545308_ameisen-768x1160.jpg 768w, https:\/\/telefonseelsorge-ulm.de\/wp-content\/uploads\/2021\/08\/shutterstock_1275545308_ameisen-1017x1536.jpg 1017w, https:\/\/telefonseelsorge-ulm.de\/wp-content\/uploads\/2021\/08\/shutterstock_1275545308_ameisen-1356x2048.jpg 1356w, https:\/\/telefonseelsorge-ulm.de\/wp-content\/uploads\/2021\/08\/shutterstock_1275545308_ameisen-scaled.jpg 1695w\" sizes=\"(max-width: 205px) 100vw, 205px\" \/>Helfen Sie uns zu helfen.<\/p>\n<p>F\u00fcr die Finanzierung ist TelefonSeelsorge auf Spenden angewiesen.<\/p>\n<p><strong>Bankverbindung\u00a0\u00a0 \u00a0<\/strong><\/p>\n<p>IBAN:\u00a0 DE67 6305 0000 0000 1407 71<br \/>\nBIC:\u00a0\u00a0 \u00a0SOLADES1ULM<\/p>\n<p>Konto-Nr. 140 771 \u2013 Sparkasse Ulm<br \/>\nBLZ 630 500 00<\/p>\n<p>Teilen Sie uns bitte Ihre Anschrift mit (<a href=\"mailto:info@telefonseelsorge-ulm.de\">Kontakt<\/a>), wir stellen Ihnen dann gerne eine Spendenbescheinigung aus.<\/p>\n<p>Die TelefonSeelsorge Ulm\/Neu-Ulm verfolgt ausschlie\u00dflich mildt\u00e4tige Zwecke und ist nach Freistellungsbescheid des Finanzamtes Ulm vom 09.07.21 berechtigt, Zuwendungen f\u00fcr diese Zwecke anzunehmen und als Spende zu bescheinigen.<\/p>\n","protected":false},"excerpt":{"rendered":"<p>Helfen Sie uns zu helfen. F\u00fcr die Finanzierung ist TelefonSeelsorge auf Spenden angewiesen. Bankverbindung\u00a0\u00a0 \u00a0 IBAN:\u00a0 DE67 6305 0000 0000 1407 71 BIC:\u00a0\u00a0 \u00a0SOLADES1ULM Konto-Nr. 140 771 \u2013 Sparkasse Ulm BLZ 630 500 00 Teilen Sie uns bitte Ihre Anschrift mit (Kontakt), wir stellen Ihnen dann gerne eine Spendenbescheinigung aus. Die TelefonSeelsorge Ulm\/Neu-Ulm verfolgt ausschlie\u00dflich [&#8230;]<\/p>\n<p><a class=\"btn btn-secondary understrap-read-more-link\" href=\"https:\/\/telefonseelsorge-ulm.de\/index.php\/spenden\/\">Weiterlesen\u00a0\u2026<span class=\"screen-reader-text\"> from Spenden<\/span><\/a><\/p>\n","protected":false},"author":8,"featured_media":0,"parent":0,"menu_order":2,"comment_status":"closed","ping_status":"closed","template":"page-templates\/fullwidthpage.php","meta":{"give_campaign_id":0,"footnotes":""},"categories":[4],"tags":[],"class_list":["post-30","page","type-page","status-publish","hentry","category-wir-brauchen-sie"],"campaignId":"","_links":{"self":[{"href":"https:\/\/telefonseelsorge-ulm.de\/index.php\/wp-json\/wp\/v2\/pages\/30","targetHints":{"allow":["GET"]}}],"collection":[{"href":"https:\/\/telefonseelsorge-ulm.de\/index.php\/wp-json\/wp\/v2\/pages"}],"about":[{"href":"https:\/\/telefonseelsorge-ulm.de\/index.php\/wp-json\/wp\/v2\/types\/page"}],"author":[{"embeddable":true,"href":"https:\/\/telefonseelsorge-ulm.de\/index.php\/wp-json\/wp\/v2\/users\/8"}],"replies":[{"embeddable":true,"href":"https:\/\/telefonseelsorge-ulm.de\/index.php\/wp-json\/wp\/v2\/comments?post=30"}],"version-history":[{"count":9,"href":"https:\/\/telefonseelsorge-ulm.de\/index.php\/wp-json\/wp\/v2\/pages\/30\/revisions"}],"predecessor-version":[{"id":359,"href":"https:\/\/telefonseelsorge-ulm.de\/index.php\/wp-json\/wp\/v2\/pages\/30\/revisions\/359"}],"wp:attachment":[{"href":"https:\/\/telefonseelsorge-ulm.de\/index.php\/wp-json\/wp\/v2\/media?parent=30"}],"wp:term":[{"taxonomy":"category","embeddable":true,"href":"https:\/\/telefonseelsorge-ulm.de\/index.php\/wp-json\/wp\/v2\/categories?post=30"},{"taxonomy":"post_tag","embeddable":true,"href":"https:\/\/telefonseelsorge-ulm.de\/index.php\/wp-json\/wp\/v2\/tags?post=30"}],"curies":[{"name":"wp","href":"https:\/\/api.w.org\/{rel}","templated":true}]}}