{"id":26,"date":"2015-06-26T13:02:38","date_gmt":"2015-06-26T11:02:38","guid":{"rendered":"http:\/\/wp.telefonseelsorge-ulm.de\/index.php\/ausbildung-in-der-telefonseelsorge\/"},"modified":"2021-08-12T10:29:04","modified_gmt":"2021-08-12T08:29:04","slug":"ausbildung-in-der-telefonseelsorge","status":"publish","type":"page","link":"https:\/\/telefonseelsorge-ulm.de\/index.php\/ausbildung-in-der-telefonseelsorge\/","title":{"rendered":"Ausbildung in der TelefonSeelsorge"},"content":{"rendered":"<p>Eine sorgf\u00e4ltige fachliche Einf\u00fchrung und Begleitung der Mitarbeitenden ist uns wichtig. Sie werden mit einer qualifizierenden Ausbildung (120 Stunden) auf ihre T\u00e4tigkeit vorbereitet und erhalten Unterst\u00fctzung und Begleitung durch regelm\u00e4\u00dfige Supervision und Fortbildungsangebote.<!--more--><\/p>\n<p>Schwerpunkte der Ausbildung sind Selbsterfahrung, Einf\u00fchrung in Gespr\u00e4chsf\u00fchrung bei helfenden Gespr\u00e4chen und verschiedene inhaltliche Schwerpunkte der Telefonarbeit (Suizidalit\u00e4t, Trauma, \u2026).<\/p>\n<p>Methodisch wird der personzentrierte Ansatz (nach Carl Rogers) von psychodynamischen, erlebnisorientierten, ressourcenorientierten und traumaspezifischen Aspekten erg\u00e4nzt.<\/p>\n","protected":false},"excerpt":{"rendered":"<p>Eine sorgf\u00e4ltige fachliche Einf\u00fchrung und Begleitung der Mitarbeitenden ist uns wichtig. Sie werden mit einer qualifizierenden Ausbildung (120 Stunden) auf ihre T\u00e4tigkeit vorbereitet und erhalten Unterst\u00fctzung und Begleitung durch regelm\u00e4\u00dfige Supervision und Fortbildungsangebote. [&#8230;]<\/p>\n<p><a class=\"btn btn-secondary understrap-read-more-link\" href=\"https:\/\/telefonseelsorge-ulm.de\/index.php\/ausbildung-in-der-telefonseelsorge\/\">Weiterlesen\u00a0\u2026<span class=\"screen-reader-text\"> from Ausbildung in der TelefonSeelsorge<\/span><\/a><\/p>\n","protected":false},"author":8,"featured_media":0,"parent":0,"menu_order":2,"comment_status":"closed","ping_status":"closed","template":"page-templates\/fullwidthpage.php","meta":{"give_campaign_id":0,"footnotes":""},"categories":[4],"tags":[],"class_list":["post-26","page","type-page","status-publish","hentry","category-wir-brauchen-sie"],"campaignId":"","_links":{"self":[{"href":"https:\/\/telefonseelsorge-ulm.de\/index.php\/wp-json\/wp\/v2\/pages\/26","targetHints":{"allow":["GET"]}}],"collection":[{"href":"https:\/\/telefonseelsorge-ulm.de\/index.php\/wp-json\/wp\/v2\/pages"}],"about":[{"href":"https:\/\/telefonseelsorge-ulm.de\/index.php\/wp-json\/wp\/v2\/types\/page"}],"author":[{"embeddable":true,"href":"https:\/\/telefonseelsorge-ulm.de\/index.php\/wp-json\/wp\/v2\/users\/8"}],"replies":[{"embeddable":true,"href":"https:\/\/telefonseelsorge-ulm.de\/index.php\/wp-json\/wp\/v2\/comments?post=26"}],"version-history":[{"count":3,"href":"https:\/\/telefonseelsorge-ulm.de\/index.php\/wp-json\/wp\/v2\/pages\/26\/revisions"}],"predecessor-version":[{"id":336,"href":"https:\/\/telefonseelsorge-ulm.de\/index.php\/wp-json\/wp\/v2\/pages\/26\/revisions\/336"}],"wp:attachment":[{"href":"https:\/\/telefonseelsorge-ulm.de\/index.php\/wp-json\/wp\/v2\/media?parent=26"}],"wp:term":[{"taxonomy":"category","embeddable":true,"href":"https:\/\/telefonseelsorge-ulm.de\/index.php\/wp-json\/wp\/v2\/categories?post=26"},{"taxonomy":"post_tag","embeddable":true,"href":"https:\/\/telefonseelsorge-ulm.de\/index.php\/wp-json\/wp\/v2\/tags?post=26"}],"curies":[{"name":"wp","href":"https:\/\/api.w.org\/{rel}","templated":true}]}}