{"id":18,"date":"2015-06-26T11:15:48","date_gmt":"2015-06-26T09:15:48","guid":{"rendered":"http:\/\/wp.telefonseelsorge-ulm.de\/index.php\/herzlich-willkommen\/"},"modified":"2020-08-11T16:15:40","modified_gmt":"2020-08-11T14:15:40","slug":"herzlich-willkommen","status":"publish","type":"page","link":"https:\/\/telefonseelsorge-ulm.de\/index.php\/herzlich-willkommen\/","title":{"rendered":""},"content":{"rendered":"\n<div class=\"rubrik-row\">\n  <div class=\"rubrik-cell\">\n    <div class=\"rubrik-label\">Wir sind da<\/div>\n  <\/div>\n<div class=\"listing-row\"><div class=\"listing-item\"><a class=\"title\" href=\"https:\/\/telefonseelsorge-ulm.de\/index.php\/medien\/\">Medien<\/a> <span class=\"excerpt\">Die Hilfsangebote der TelefonSeelsorge umfassen den Dienst am Telefon und TelefonSeelsorge im Internet. TelefonSeelsorge am Telefon Die Telefone der TelefonSeelsorge Ulm\/Neu-Ulm sind rund um die Uhr besetzt, in den Abendzeiten, wenn die meisten Anrufe eingehen, auch doppelt. Aus unserem&nbsp;Einzugsgebiet&nbsp;erreichen Sie und kostenfrei unter den Telefonnummern 0800 1110111 0800 1110222 [...]<p><a class=\"btn btn-secondary understrap-read-more-link\" href=\"https:\/\/telefonseelsorge-ulm.de\/index.php\/medien\/\">Weiterlesen\u00a0\u2026<span class=\"screen-reader-text\"> from Medien<\/span><\/a><\/p><\/span><\/div><div class=\"listing-item\"><a class=\"title\" href=\"https:\/\/telefonseelsorge-ulm.de\/index.php\/hilfsformen-begegnen-begleiten-klaeren-halt-geben\/\">Hilfsformen: begegnen, begleiten, kl\u00e4ren, halt geben<\/a> <span class=\"excerpt\">TelefonSeelsorge als Institution bietet eine Form des Kontakts an, der durch Anonymit\u00e4t, die Vorgaben des\u00a0Mediums\u00a0und in seiner Funktion begrenzt ist. [...]<p><a class=\"btn btn-secondary understrap-read-more-link\" href=\"https:\/\/telefonseelsorge-ulm.de\/index.php\/hilfsformen-begegnen-begleiten-klaeren-halt-geben\/\">Weiterlesen\u00a0\u2026<span class=\"screen-reader-text\"> from Hilfsformen: begegnen, begleiten, kl\u00e4ren, halt geben<\/span><\/a><\/p><\/span><\/div><div class=\"listing-item\"><a class=\"title\" href=\"https:\/\/telefonseelsorge-ulm.de\/index.php\/angebot-2\/\">Angebot<\/a> <span class=\"excerpt\">TelefonSeelsorge macht rund um die Uhr \u00fcber Telefon, Mail und Chat ein kompetentes, anonymes, vertrauliches, datengesch\u00fctztes, kostenloses Beratungs- und Seelsorgeangebot.&nbsp; [...]<p><a class=\"btn btn-secondary understrap-read-more-link\" href=\"https:\/\/telefonseelsorge-ulm.de\/index.php\/angebot-2\/\">Weiterlesen\u00a0\u2026<span class=\"screen-reader-text\"> from Angebot<\/span><\/a><\/p><\/span><\/div><\/div>\n<\/div>\n\n\n\n<div class=\"rubrik-row\">\n  <div class=\"rubrik-cell\">\n    <div class=\"rubrik-label\">Wir brauchen Sie!<\/div>\n  <\/div>\n<div class=\"listing-row\"><div class=\"listing-item\"><a class=\"title\" href=\"https:\/\/telefonseelsorge-ulm.de\/index.php\/ausbildung-in-der-telefonseelsorge\/\">Ausbildung in der TelefonSeelsorge<\/a> <span class=\"excerpt\">Eine sorgf\u00e4ltige fachliche Einf\u00fchrung und Begleitung der Mitarbeitenden ist uns wichtig. Sie werden mit einer qualifizierenden Ausbildung (120 Stunden) auf ihre T\u00e4tigkeit vorbereitet und erhalten Unterst\u00fctzung und Begleitung durch regelm\u00e4\u00dfige Supervision und Fortbildungsangebote. [...]<p><a class=\"btn btn-secondary understrap-read-more-link\" href=\"https:\/\/telefonseelsorge-ulm.de\/index.php\/ausbildung-in-der-telefonseelsorge\/\">Weiterlesen\u00a0\u2026<span class=\"screen-reader-text\"> from Ausbildung in der TelefonSeelsorge<\/span><\/a><\/p><\/span><\/div><div class=\"listing-item\"><a class=\"title\" href=\"https:\/\/telefonseelsorge-ulm.de\/index.php\/spenden\/\">Spenden<\/a> <span class=\"excerpt\">Helfen Sie uns zu helfen. F\u00fcr die Finanzierung ist TelefonSeelsorge auf Spenden angewiesen. Bankverbindung\u00a0\u00a0 \u00a0 IBAN:\u00a0 DE67 6305 0000 0000 1407 71 BIC:\u00a0\u00a0 \u00a0SOLADES1ULM Konto-Nr. 140 771 \u2013 Sparkasse Ulm BLZ 630 500 00 Teilen Sie uns bitte Ihre Anschrift mit (Kontakt), wir stellen Ihnen dann gerne eine Spendenbescheinigung aus. Die TelefonSeelsorge Ulm\/Neu-Ulm verfolgt ausschlie\u00dflich [...]<p><a class=\"btn btn-secondary understrap-read-more-link\" href=\"https:\/\/telefonseelsorge-ulm.de\/index.php\/spenden\/\">Weiterlesen\u00a0\u2026<span class=\"screen-reader-text\"> from Spenden<\/span><\/a><\/p><\/span><\/div><div class=\"listing-item\"><a class=\"title\" href=\"https:\/\/telefonseelsorge-ulm.de\/index.php\/freundeskreis\/\">Freundeskreis<\/a> <span class=\"excerpt\">Die TelefonSeelsorge arbeitet rund um die Uhr, vertraulich, verschwiegen und anonym. Der Freundeskreis kann aus dieser Anonymit\u00e4t heraustreten und stellt eine \u00d6ffentlichkeit f\u00fcr die TelefonSeelsorge her. Der Freundeskreis unterst\u00fctzt die TelefonSeelsorge mit \u00f6ffentlichen Veranstaltungen, Fort-und Weiterbildungen und f\u00f6rdert spezielle Projekte. Er macht die Arbeit der TelefonSeelsorge in der \u00d6ffentlichkeit bekannt und wirbt um F\u00f6rdermittel. \u00a0 [...]<p><a class=\"btn btn-secondary understrap-read-more-link\" href=\"https:\/\/telefonseelsorge-ulm.de\/index.php\/freundeskreis\/\">Weiterlesen\u00a0\u2026<span class=\"screen-reader-text\"> from Freundeskreis<\/span><\/a><\/p><\/span><\/div><\/div>\n<\/div>\n\n\n\n<div class=\"rubrik-row\">\n  <div class=\"rubrik-cell\">\n    <div class=\"rubrik-label\">Wir informieren<\/div>\n  <\/div>\n<div class=\"listing-row\"><div class=\"listing-item\"><a class=\"title\" href=\"https:\/\/telefonseelsorge-ulm.de\/index.php\/2021\/08\/06\/die-kirche-waechst-jenseits-der-konflikte-in-aller-stille\/\">Die Kirche w\u00e4chst jenseits der Konflikte \u2013 in aller Stille<\/a> <span class=\"excerpt\"><p>In der stillen Zeit des Hochsommers verlieren f\u00fcr Thomas Seiterich die kirchlichen Konflikte an Bedeutung. Daf\u00fcr sieht er die Kirche in unscheinbaren Bereichen wachsen: dort wo Menschen anderen beistehen \u2013 unabh\u00e4ngig von Konfession oder Glaube.<\/p>\n<p><em>Von&nbsp;Thomas Seiterich [...]<p><a class=\"btn btn-secondary understrap-read-more-link\" href=\"https:\/\/telefonseelsorge-ulm.de\/index.php\/2021\/08\/06\/die-kirche-waechst-jenseits-der-konflikte-in-aller-stille\/\">Weiterlesen\u00a0\u2026<span class=\"screen-reader-text\"> from Die Kirche w\u00e4chst jenseits der Konflikte \u2013 in aller Stille<\/span><\/a><\/p><\/span><\/div><div class=\"listing-item\"><a class=\"title\" href=\"https:\/\/telefonseelsorge-ulm.de\/index.php\/jahresberichte\/\">Jahresberichte<\/a> <span class=\"excerpt\">Hier k\u00f6nnen die folgenden Jahresberichte im PDF-Format heruntergeladen werden. [...]<p><a class=\"btn btn-secondary understrap-read-more-link\" href=\"https:\/\/telefonseelsorge-ulm.de\/index.php\/jahresberichte\/\">Weiterlesen\u00a0\u2026<span class=\"screen-reader-text\"> from Jahresberichte<\/span><\/a><\/p><\/span><\/div><div class=\"listing-item\"><a class=\"title\" href=\"https:\/\/telefonseelsorge-ulm.de\/index.php\/ansprechpartner-rund-um-die-uhr\/\">Neue Leitung nach 23 Jahren<\/a> <span class=\"excerpt\">&nbsp; [...]<p><a class=\"btn btn-secondary understrap-read-more-link\" href=\"https:\/\/telefonseelsorge-ulm.de\/index.php\/ansprechpartner-rund-um-die-uhr\/\">Weiterlesen\u00a0\u2026<span class=\"screen-reader-text\"> from Neue Leitung nach 23 Jahren<\/span><\/a><\/p><\/span><\/div><\/div>\n<\/div>\n\n\n\n<p><\/p>\n","protected":false},"excerpt":{"rendered":"<p>Wir sind da Wir brauchen Sie! Wir informieren [&#8230;]<\/p>\n<p><a class=\"btn btn-secondary understrap-read-more-link\" href=\"https:\/\/telefonseelsorge-ulm.de\/index.php\/ansprechpartner-rund-um-die-uhr\/\">Weiterlesen\u00a0\u2026<span class=\"screen-reader-text\"> from Neue Leitung nach 23 Jahren<\/span><\/a><\/p>\n","protected":false},"author":8,"featured_media":0,"parent":0,"menu_order":2,"comment_status":"closed","ping_status":"closed","template":"page-templates\/fullwidthpage.php","meta":{"give_campaign_id":0,"footnotes":""},"categories":[],"tags":[],"class_list":["post-18","page","type-page","status-publish","hentry"],"campaignId":"","_links":{"self":[{"href":"https:\/\/telefonseelsorge-ulm.de\/index.php\/wp-json\/wp\/v2\/pages\/18","targetHints":{"allow":["GET"]}}],"collection":[{"href":"https:\/\/telefonseelsorge-ulm.de\/index.php\/wp-json\/wp\/v2\/pages"}],"about":[{"href":"https:\/\/telefonseelsorge-ulm.de\/index.php\/wp-json\/wp\/v2\/types\/page"}],"author":[{"embeddable":true,"href":"https:\/\/telefonseelsorge-ulm.de\/index.php\/wp-json\/wp\/v2\/users\/8"}],"replies":[{"embeddable":true,"href":"https:\/\/telefonseelsorge-ulm.de\/index.php\/wp-json\/wp\/v2\/comments?post=18"}],"version-history":[{"count":2,"href":"https:\/\/telefonseelsorge-ulm.de\/index.php\/wp-json\/wp\/v2\/pages\/18\/revisions"}],"predecessor-version":[{"id":208,"href":"https:\/\/telefonseelsorge-ulm.de\/index.php\/wp-json\/wp\/v2\/pages\/18\/revisions\/208"}],"wp:attachment":[{"href":"https:\/\/telefonseelsorge-ulm.de\/index.php\/wp-json\/wp\/v2\/media?parent=18"}],"wp:term":[{"taxonomy":"category","embeddable":true,"href":"https:\/\/telefonseelsorge-ulm.de\/index.php\/wp-json\/wp\/v2\/categories?post=18"},{"taxonomy":"post_tag","embeddable":true,"href":"https:\/\/telefonseelsorge-ulm.de\/index.php\/wp-json\/wp\/v2\/tags?post=18"}],"curies":[{"name":"wp","href":"https:\/\/api.w.org\/{rel}","templated":true}]}}